{"id":27,"date":"2020-01-25T04:24:37","date_gmt":"2020-01-25T04:24:37","guid":{"rendered":"http:\/\/invertierraplusvalia.com\/?page_id=27"},"modified":"2023-04-17T19:05:21","modified_gmt":"2023-04-17T19:05:21","slug":"inicio","status":"publish","type":"page","link":"https:\/\/invertierraplusvalia.com\/","title":{"rendered":"Inicio"},"content":{"rendered":"<p>En Invertierra Plusval\u00eda estamos con mucho gusto presentandoles las diferentes opciones de inversi\u00f3n en terrenos y proyectos que estamos promoviendo en zonas con\u00a0 alta plusval\u00eda, las cuales son una excelente inversi\u00f3n. En este sitio podr\u00e1 encontrar im\u00e1genes e informaci\u00f3n de las facilidades de pago para tu decisi\u00f3n de inversi\u00f3n. Estamos a sus ordenes para ampliar la informaci\u00f3n que usted necesite o concertar una cita para mostrarle las propiedades, puede contactarnos directamente al whatsapp 3318295334 directamente en el icono de whatsapp que aparece arriba, correo electronico 0 telef\u00f3nicamente.\u00a0<\/p>\r\n<p>Tambi\u00e9n aceptamos propiedades en asociaci\u00f3n en participaci\u00f3n para la r\u00e1pida promoci\u00f3n de proyectos.<\/p>\r\n<p>&nbsp;<\/p>\r\n<div class=\"ere-property-wrap\">\n    <div class=\"ere-property clearfix property-grid \" >\n                <div class=\"container\">\n                    <\/div>\n                            <div class=\"property-content col-gap-30 clearfix columns-3 columns-md-3 columns-sm-2 columns-xs-1 columns-mb-1\">\n                                <div class=\"ere-item-wrap property-item mg-bottom-30\">\n\t<div class=\"property-inner\">\n        <div class=\"property-image\">\r\n    <img fetchpriority=\"high\" decoding=\"async\" width=\"330\"\r\n     height=\"180\"\r\n     src=\"https:\/\/invertierraplusvalia.com\/wp-content\/uploads\/2025\/01\/Rancho-Jocotepec-1-330x180.png\"\r\n     onerror=\"this.src = 'http:\/\/invertierraplusvalia.com\/wp-content\/plugins\/essential-real-estate\/public\/assets\/images\/map-marker-icon.png';\"\r\n     alt=\"Rancho Jocotepec\"\r\n     title=\"Rancho Jocotepec\">\r\n\r\n<div class=\"ere__loop-property-action property-action\">\r\n    <a data-toggle=\"tooltip\"\r\n   title=\"(1) Fotos\"\r\n   data-property-id=\"184\"\r\n   href=\"javascript:void(0)\" class=\"property-view-gallery ere__loop-property_action-item\">\r\n    <i class=\"fa fa-camera\"><\/i>\r\n<\/a>\r\n<a href=\"javascript:void(0)\" class=\"property-favorite ere__loop-property_action-item\" data-property-id=\"184\"\r\n   data-toggle=\"tooltip\"\r\n   title=\"Agregar a favorita\"\r\n   data-title-not-favorite=\"Agregar a favorita\"\r\n   data-title-favorited=\"Es mi favorita\"\r\n   data-icon-not-favorite=\"fa fa-star-o\"\r\n   data-icon-favorited=\"fa fa-star\">\r\n    <i class=\"fa fa-star-o\"><\/i>\r\n<\/a>\r\n<a class=\"compare-property ere__loop-property_action-item\" href=\"javascript:void(0)\"\r\n   data-property-id=\"184\" data-toggle=\"tooltip\"\r\n   title=\"Comparar\">\r\n    <i class=\"fa fa-plus\"><\/i>\r\n<\/a>\r\n<\/div><div class=\"ere__loop-property-badge ere__lpb-featured-label\">\r\n                    <span style=\"--ere-loop-property-badge-bg-color:#888\" class=\"ere__loop-property-badge-item ere__term-label terreno\">\r\n        <span class=\"ere__lpbi-inner\">\r\n            Terreno        <\/span>\r\n    <\/span>\r\n    <\/div>\r\n<a class=\"property-link\" href=\"https:\/\/invertierraplusvalia.com\/index.php\/property\/rancho-jocotepec\/\" title=\"Rancho Jocotepec\"><\/a>\r\n<\/div>\r\n\r\n\t\t<div class=\"property-item-content\">\n\t\t\t<div class=\"property-heading\">\n                <h2 class=\"property-title\">\n    <a href=\"https:\/\/invertierraplusvalia.com\/index.php\/property\/rancho-jocotepec\/\" title=\"Rancho Jocotepec\">Rancho Jocotepec<\/a>\n<\/h2>\n\t<span class=\"property-price ere__loop-property-price\">\n\t\t\t\t$2,904\t\t\t\t\t<span class=\"property-price-postfix\">\/ Mensuales<\/span>\n\t\t\t<\/span>\n\t\t\t<\/div>\n            <div class=\"property-element-inline\">\r\n    <div class=\"property-type-list\"><i class=\"fa fa-tag\"><\/i><a href=\"https:\/\/invertierraplusvalia.com\/index.php\/property-type\/terreno\/\" rel=\"tag\">Terreno<\/a><\/div><div class=\"property-agent\">\r\n    <a href=\"#\" title=\"admin\">\r\n        <i class=\"fa fa-user\"><\/i>\r\n        <span>admin<\/span>\r\n    <\/a>\r\n<\/div>\r\n<div class=\"property-date\">\r\n    <i class=\"fa fa-calendar\"><\/i>\r\n    Hace 1 a\u00f1o<\/div>\r\n<\/div>\r\n<div class=\"property-excerpt\">\r\n    <p>Hermosos terrenos en Rancho Jocotepec con vista al lago de Chapala. Ideales para hacer tu casa de campo. \u00a0 Adqui\u00e9relo desde $16,500.00 de enganche y $2,904.00 mensuales. \u00a0 Regla de oro. &#8211; Dinero que no se invierte pierde su valor por la inflaci\u00f3n. Invierta lo seguro en bienes ra\u00edces con nuestro sistema f\u00e1cil y pr\u00e1ctico [&hellip;]<\/p>\n<\/div>\r\n<div class=\"ere__loop-property-info property-info layout-1\">\r\n    <div class=\"property-info-inner\">\r\n            <\/div>\r\n<\/div>\r\n\n\t\t<\/div>\n\t<\/div>\n<\/div>                    <div class=\"ere-item-wrap property-item mg-bottom-30\">\n\t<div class=\"property-inner\">\n        <div class=\"property-image\">\r\n    <img decoding=\"async\" width=\"330\"\r\n     height=\"180\"\r\n     src=\"https:\/\/invertierraplusvalia.com\/wp-content\/uploads\/2025\/01\/Rancho-Mayto-1-330x180.png\"\r\n     onerror=\"this.src = 'http:\/\/invertierraplusvalia.com\/wp-content\/plugins\/essential-real-estate\/public\/assets\/images\/map-marker-icon.png';\"\r\n     alt=\"Rancho Mayto\"\r\n     title=\"Rancho Mayto\">\r\n\r\n<div class=\"ere__loop-property-action property-action\">\r\n    <a data-toggle=\"tooltip\"\r\n   title=\"(1) Fotos\"\r\n   data-property-id=\"181\"\r\n   href=\"javascript:void(0)\" class=\"property-view-gallery ere__loop-property_action-item\">\r\n    <i class=\"fa fa-camera\"><\/i>\r\n<\/a>\r\n<a href=\"javascript:void(0)\" class=\"property-favorite ere__loop-property_action-item\" data-property-id=\"181\"\r\n   data-toggle=\"tooltip\"\r\n   title=\"Agregar a favorita\"\r\n   data-title-not-favorite=\"Agregar a favorita\"\r\n   data-title-favorited=\"Es mi favorita\"\r\n   data-icon-not-favorite=\"fa fa-star-o\"\r\n   data-icon-favorited=\"fa fa-star\">\r\n    <i class=\"fa fa-star-o\"><\/i>\r\n<\/a>\r\n<a class=\"compare-property ere__loop-property_action-item\" href=\"javascript:void(0)\"\r\n   data-property-id=\"181\" data-toggle=\"tooltip\"\r\n   title=\"Comparar\">\r\n    <i class=\"fa fa-plus\"><\/i>\r\n<\/a>\r\n<\/div><div class=\"ere__loop-property-badge ere__lpb-featured-label\">\r\n                    <span style=\"--ere-loop-property-badge-bg-color:#888\" class=\"ere__loop-property-badge-item ere__term-label terreno\">\r\n        <span class=\"ere__lpbi-inner\">\r\n            Terreno        <\/span>\r\n    <\/span>\r\n    <\/div>\r\n<a class=\"property-link\" href=\"https:\/\/invertierraplusvalia.com\/index.php\/property\/rancho_mayto\/\" title=\"Rancho Mayto\"><\/a>\r\n<\/div>\r\n\r\n\t\t<div class=\"property-item-content\">\n\t\t\t<div class=\"property-heading\">\n                <h2 class=\"property-title\">\n    <a href=\"https:\/\/invertierraplusvalia.com\/index.php\/property\/rancho_mayto\/\" title=\"Rancho Mayto\">Rancho Mayto<\/a>\n<\/h2>\n\t<span class=\"property-price ere__loop-property-price\">\n\t\t\t\t$2,534\t\t\t\t\t<span class=\"property-price-postfix\">\/ Mensuales<\/span>\n\t\t\t<\/span>\n\t\t\t<\/div>\n            <div class=\"property-element-inline\">\r\n    <div class=\"property-type-list\"><i class=\"fa fa-tag\"><\/i><a href=\"https:\/\/invertierraplusvalia.com\/index.php\/property-type\/terreno\/\" rel=\"tag\">Terreno<\/a><\/div><div class=\"property-agent\">\r\n    <a href=\"#\" title=\"admin\">\r\n        <i class=\"fa fa-user\"><\/i>\r\n        <span>admin<\/span>\r\n    <\/a>\r\n<\/div>\r\n<div class=\"property-date\">\r\n    <i class=\"fa fa-calendar\"><\/i>\r\n    Hace 1 a\u00f1o<\/div>\r\n<\/div>\r\n<div class=\"property-excerpt\">\r\n    <p>\ud83c\udf34\ud83c\udfd6\ufe0f \u00a1Tu terreno cerca del mar te espera! \ud83c\udf34\ud83c\udfd6\ufe0f \u00a0 Terrenos en Rancho Mayto, a tan solo 750 metros de la playa Mayto \ud83c\udf0a\u2728 a tan solo 1:50 horas de Puerto Vallarta \u2705 Enganche: $14,400 \u2705 Mensualidades desde: $2,534 \u00a0 \ud83c\udfaf Construye tu sue\u00f1o junto al mar, rodeado de naturaleza y tranquilidad. \ud83c\udf05\ud83c\udf3f \u00a0 \u00a1Construya [&hellip;]<\/p>\n<\/div>\r\n<div class=\"ere__loop-property-info property-info layout-1\">\r\n    <div class=\"property-info-inner\">\r\n            <\/div>\r\n<\/div>\r\n\n\t\t<\/div>\n\t<\/div>\n<\/div>                    <div class=\"ere-item-wrap property-item mg-bottom-30\">\n\t<div class=\"property-inner\">\n        <div class=\"property-image\">\r\n    <img decoding=\"async\" width=\"330\"\r\n     height=\"180\"\r\n     src=\"https:\/\/invertierraplusvalia.com\/wp-content\/uploads\/2023\/04\/Volante-bellavista-2500-330x180.png\"\r\n     onerror=\"this.src = 'http:\/\/invertierraplusvalia.com\/wp-content\/plugins\/essential-real-estate\/public\/assets\/images\/map-marker-icon.png';\"\r\n     alt=\"Tapalpa Bellavista\"\r\n     title=\"Tapalpa Bellavista\">\r\n\r\n<div class=\"ere__loop-property-action property-action\">\r\n    <a data-toggle=\"tooltip\"\r\n   title=\"(1) Fotos\"\r\n   data-property-id=\"172\"\r\n   href=\"javascript:void(0)\" class=\"property-view-gallery ere__loop-property_action-item\">\r\n    <i class=\"fa fa-camera\"><\/i>\r\n<\/a>\r\n<a href=\"javascript:void(0)\" class=\"property-favorite ere__loop-property_action-item\" data-property-id=\"172\"\r\n   data-toggle=\"tooltip\"\r\n   title=\"Agregar a favorita\"\r\n   data-title-not-favorite=\"Agregar a favorita\"\r\n   data-title-favorited=\"Es mi favorita\"\r\n   data-icon-not-favorite=\"fa fa-star-o\"\r\n   data-icon-favorited=\"fa fa-star\">\r\n    <i class=\"fa fa-star-o\"><\/i>\r\n<\/a>\r\n<a class=\"compare-property ere__loop-property_action-item\" href=\"javascript:void(0)\"\r\n   data-property-id=\"172\" data-toggle=\"tooltip\"\r\n   title=\"Comparar\">\r\n    <i class=\"fa fa-plus\"><\/i>\r\n<\/a>\r\n<\/div><div class=\"ere__loop-property-badge ere__lpb-featured-label\">\r\n                    <span style=\"--ere-loop-property-badge-bg-color:#888\" class=\"ere__loop-property-badge-item ere__term-label terreno-rustico\">\r\n        <span class=\"ere__lpbi-inner\">\r\n            Terreno rustico        <\/span>\r\n    <\/span>\r\n    <\/div>\r\n<a class=\"property-link\" href=\"https:\/\/invertierraplusvalia.com\/index.php\/property\/tapalpa-bellavista\/\" title=\"Tapalpa Bellavista\"><\/a>\r\n<\/div>\r\n\r\n\t\t<div class=\"property-item-content\">\n\t\t\t<div class=\"property-heading\">\n                <h2 class=\"property-title\">\n    <a href=\"https:\/\/invertierraplusvalia.com\/index.php\/property\/tapalpa-bellavista\/\" title=\"Tapalpa Bellavista\">Tapalpa Bellavista<\/a>\n<\/h2>\n\t<span class=\"property-price ere__loop-property-price\">\n\t\t\t\t\t<span class=\"property-price-prefix\">desde<\/span>\n\t\t\t\t$2,513\t\t\t\t\t<span class=\"property-price-postfix\">\/ mensuales<\/span>\n\t\t\t<\/span>\n\t\t\t<\/div>\n            <div class=\"property-element-inline\">\r\n    <div class=\"property-type-list\"><i class=\"fa fa-tag\"><\/i><a href=\"https:\/\/invertierraplusvalia.com\/index.php\/property-type\/terreno\/\" rel=\"tag\">Terreno<\/a><\/div><div class=\"property-date\">\r\n    <i class=\"fa fa-calendar\"><\/i>\r\n    Hace 3 a\u00f1os<\/div>\r\n<\/div>\r\n<div class=\"property-excerpt\">\r\n    <p>\u00a0Contamos con hermosos terrenos arbolados con una incre\u00edble vista panor\u00e1mica al valle. Aqu\u00ed podr\u00e1s construir tu caba\u00f1a y disfrutar del bosque. Terrenos desde 500 m2 Enganche $10,000 Mensualidad $2,513 Terrenos ubicados en Juanacatl\u00e1n municipio de Tapalpa. \u00bfQu\u00e9 esperas? No dejes pasar la oportunidad de obtener el precio de lanzamiento y se uno de los primeros [&hellip;]<\/p>\n<\/div>\r\n<div class=\"ere__loop-property-info property-info layout-1\">\r\n    <div class=\"property-info-inner\">\r\n            <\/div>\r\n<\/div>\r\n\n\t\t<\/div>\n\t<\/div>\n<\/div>                    <div class=\"ere-item-wrap property-item mg-bottom-30\">\n\t<div class=\"property-inner\">\n        <div class=\"property-image\">\r\n    <img loading=\"lazy\" decoding=\"async\" width=\"330\"\r\n     height=\"180\"\r\n     src=\"https:\/\/invertierraplusvalia.com\/wp-content\/uploads\/2022\/04\/Rancho-las-varas-2-1-330x180.png\"\r\n     onerror=\"this.src = 'http:\/\/invertierraplusvalia.com\/wp-content\/plugins\/essential-real-estate\/public\/assets\/images\/map-marker-icon.png';\"\r\n     alt=\"Rancho las Varas\"\r\n     title=\"Rancho las Varas\">\r\n\r\n<div class=\"ere__loop-property-action property-action\">\r\n    <a data-toggle=\"tooltip\"\r\n   title=\"(1) Fotos\"\r\n   data-property-id=\"145\"\r\n   href=\"javascript:void(0)\" class=\"property-view-gallery ere__loop-property_action-item\">\r\n    <i class=\"fa fa-camera\"><\/i>\r\n<\/a>\r\n<a href=\"javascript:void(0)\" class=\"property-favorite ere__loop-property_action-item\" data-property-id=\"145\"\r\n   data-toggle=\"tooltip\"\r\n   title=\"Agregar a favorita\"\r\n   data-title-not-favorite=\"Agregar a favorita\"\r\n   data-title-favorited=\"Es mi favorita\"\r\n   data-icon-not-favorite=\"fa fa-star-o\"\r\n   data-icon-favorited=\"fa fa-star\">\r\n    <i class=\"fa fa-star-o\"><\/i>\r\n<\/a>\r\n<a class=\"compare-property ere__loop-property_action-item\" href=\"javascript:void(0)\"\r\n   data-property-id=\"145\" data-toggle=\"tooltip\"\r\n   title=\"Comparar\">\r\n    <i class=\"fa fa-plus\"><\/i>\r\n<\/a>\r\n<\/div><div class=\"ere__loop-property-badge ere__lpb-featured-label\">\r\n                    <span style=\"--ere-loop-property-badge-bg-color:#888\" class=\"ere__loop-property-badge-item ere__term-label terreno\">\r\n        <span class=\"ere__lpbi-inner\">\r\n            Terreno        <\/span>\r\n    <\/span>\r\n    <\/div>\r\n<a class=\"property-link\" href=\"https:\/\/invertierraplusvalia.com\/index.php\/property\/rancho-las-varas\/\" title=\"Rancho las Varas\"><\/a>\r\n<\/div>\r\n\r\n\t\t<div class=\"property-item-content\">\n\t\t\t<div class=\"property-heading\">\n                <h2 class=\"property-title\">\n    <a href=\"https:\/\/invertierraplusvalia.com\/index.php\/property\/rancho-las-varas\/\" title=\"Rancho las Varas\">Rancho las Varas<\/a>\n<\/h2>\n\t<span class=\"property-price ere__loop-property-price\">\n\t\t\t\t\t<span class=\"property-price-prefix\">desde<\/span>\n\t\t\t\t$2,112\t\t\t\t\t<span class=\"property-price-postfix\">\/ Mensuales<\/span>\n\t\t\t<\/span>\n\t\t\t<\/div>\n            <div class=\"property-element-inline\">\r\n    <div class=\"property-type-list\"><i class=\"fa fa-tag\"><\/i><a href=\"https:\/\/invertierraplusvalia.com\/index.php\/property-type\/terreno\/\" rel=\"tag\">Terreno<\/a><\/div><div class=\"property-date\">\r\n    <i class=\"fa fa-calendar\"><\/i>\r\n    Hace 4 a\u00f1os<\/div>\r\n<\/div>\r\n<div class=\"property-excerpt\">\r\n    <p>\ud83c\udfe1 Rancho Las Varas, Nayarit \ud83c\udf34\u00a1Construye tu refugio cerca del mar desde hoy mismo! \ud83d\udd28\u2728 \ud83d\udccd A solo 15 minutos de la playa de Chacala \ud83c\udfd6\ufe0f\ud83d\ude97 A 3 horas de Guadalajara \ud83d\udcb0 Enganche desde $12,000.00\ud83d\udcc6 Mensualidades de solo $2,112.00 \ud83c\udf1e Disfruta la tranquilidad, el clima y la cercan\u00eda al mar.\u00a1Haz realidad tu sue\u00f1o de tener [&hellip;]<\/p>\n<\/div>\r\n<div class=\"ere__loop-property-info property-info layout-1\">\r\n    <div class=\"property-info-inner\">\r\n            <\/div>\r\n<\/div>\r\n\n\t\t<\/div>\n\t<\/div>\n<\/div>                    <div class=\"ere-item-wrap property-item mg-bottom-30\">\n\t<div class=\"property-inner\">\n        <div class=\"property-image\">\r\n    <img loading=\"lazy\" decoding=\"async\" width=\"330\"\r\n     height=\"180\"\r\n     src=\"https:\/\/invertierraplusvalia.com\/wp-content\/uploads\/2022\/04\/jocotepec-330x180.png\"\r\n     onerror=\"this.src = 'http:\/\/invertierraplusvalia.com\/wp-content\/plugins\/essential-real-estate\/public\/assets\/images\/map-marker-icon.png';\"\r\n     alt=\"Jocotepec\"\r\n     title=\"Jocotepec\">\r\n\r\n<div class=\"ere__loop-property-action property-action\">\r\n    <a data-toggle=\"tooltip\"\r\n   title=\"(2) Fotos\"\r\n   data-property-id=\"141\"\r\n   href=\"javascript:void(0)\" class=\"property-view-gallery ere__loop-property_action-item\">\r\n    <i class=\"fa fa-camera\"><\/i>\r\n<\/a>\r\n<a href=\"javascript:void(0)\" class=\"property-favorite ere__loop-property_action-item\" data-property-id=\"141\"\r\n   data-toggle=\"tooltip\"\r\n   title=\"Agregar a favorita\"\r\n   data-title-not-favorite=\"Agregar a favorita\"\r\n   data-title-favorited=\"Es mi favorita\"\r\n   data-icon-not-favorite=\"fa fa-star-o\"\r\n   data-icon-favorited=\"fa fa-star\">\r\n    <i class=\"fa fa-star-o\"><\/i>\r\n<\/a>\r\n<a class=\"compare-property ere__loop-property_action-item\" href=\"javascript:void(0)\"\r\n   data-property-id=\"141\" data-toggle=\"tooltip\"\r\n   title=\"Comparar\">\r\n    <i class=\"fa fa-plus\"><\/i>\r\n<\/a>\r\n<\/div><div class=\"ere__loop-property-badge ere__lpb-featured-label\">\r\n                    <span style=\"--ere-loop-property-badge-bg-color:#888\" class=\"ere__loop-property-badge-item ere__term-label terreno\">\r\n        <span class=\"ere__lpbi-inner\">\r\n            Terreno        <\/span>\r\n    <\/span>\r\n    <\/div>\r\n<a class=\"property-link\" href=\"https:\/\/invertierraplusvalia.com\/index.php\/property\/jocotepec\/\" title=\"Jocotepec\"><\/a>\r\n<\/div>\r\n\r\n\t\t<div class=\"property-item-content\">\n\t\t\t<div class=\"property-heading\">\n                <h2 class=\"property-title\">\n    <a href=\"https:\/\/invertierraplusvalia.com\/index.php\/property\/jocotepec\/\" title=\"Jocotepec\">Jocotepec<\/a>\n<\/h2>\n\t<span class=\"property-price ere__loop-property-price\">\n\t\t\t\t\t<span class=\"property-price-prefix\">Desde<\/span>\n\t\t\t\t$3,432\t\t\t\t\t<span class=\"property-price-postfix\">\/ Mensuales<\/span>\n\t\t\t<\/span>\n\t\t\t<\/div>\n            <div class=\"property-element-inline\">\r\n    <div class=\"property-type-list\"><i class=\"fa fa-tag\"><\/i><a href=\"https:\/\/invertierraplusvalia.com\/index.php\/property-type\/terreno\/\" rel=\"tag\">Terreno<\/a><\/div><div class=\"property-date\">\r\n    <i class=\"fa fa-calendar\"><\/i>\r\n    Hace 4 a\u00f1os<\/div>\r\n<\/div>\r\n<div class=\"property-excerpt\">\r\n    <p>Hola tenemos terrenos en Jocotepec desde $3,432.00 Mensuales y $19,500.00 de enganche. el precio total es dependiendo del terreno que elijas.<\/p>\n<\/div>\r\n<div class=\"ere__loop-property-info property-info layout-1\">\r\n    <div class=\"property-info-inner\">\r\n            <\/div>\r\n<\/div>\r\n\n\t\t<\/div>\n\t<\/div>\n<\/div>                    <div class=\"ere-item-wrap property-item mg-bottom-30\">\n\t<div class=\"property-inner\">\n        <div class=\"property-image\">\r\n    <img loading=\"lazy\" decoding=\"async\" width=\"330\"\r\n     height=\"180\"\r\n     src=\"https:\/\/invertierraplusvalia.com\/wp-content\/uploads\/2020\/11\/chacala-3-scaled-330x180.png\"\r\n     onerror=\"this.src = 'http:\/\/invertierraplusvalia.com\/wp-content\/plugins\/essential-real-estate\/public\/assets\/images\/map-marker-icon.png';\"\r\n     alt=\"Chacala\"\r\n     title=\"Chacala\">\r\n\r\n<div class=\"ere__loop-property-action property-action\">\r\n    <a data-toggle=\"tooltip\"\r\n   title=\"(1) Fotos\"\r\n   data-property-id=\"110\"\r\n   href=\"javascript:void(0)\" class=\"property-view-gallery ere__loop-property_action-item\">\r\n    <i class=\"fa fa-camera\"><\/i>\r\n<\/a>\r\n<a href=\"javascript:void(0)\" class=\"property-favorite ere__loop-property_action-item\" data-property-id=\"110\"\r\n   data-toggle=\"tooltip\"\r\n   title=\"Agregar a favorita\"\r\n   data-title-not-favorite=\"Agregar a favorita\"\r\n   data-title-favorited=\"Es mi favorita\"\r\n   data-icon-not-favorite=\"fa fa-star-o\"\r\n   data-icon-favorited=\"fa fa-star\">\r\n    <i class=\"fa fa-star-o\"><\/i>\r\n<\/a>\r\n<a class=\"compare-property ere__loop-property_action-item\" href=\"javascript:void(0)\"\r\n   data-property-id=\"110\" data-toggle=\"tooltip\"\r\n   title=\"Comparar\">\r\n    <i class=\"fa fa-plus\"><\/i>\r\n<\/a>\r\n<\/div><div class=\"ere__loop-property-badge ere__lpb-featured-label\">\r\n                    <span style=\"--ere-loop-property-badge-bg-color:#888\" class=\"ere__loop-property-badge-item ere__term-label terreno-rustico\">\r\n        <span class=\"ere__lpbi-inner\">\r\n            Terreno rustico        <\/span>\r\n    <\/span>\r\n    <\/div>\r\n<a class=\"property-link\" href=\"https:\/\/invertierraplusvalia.com\/index.php\/property\/chacala\/\" title=\"Chacala\"><\/a>\r\n<\/div>\r\n\r\n\t\t<div class=\"property-item-content\">\n\t\t\t<div class=\"property-heading\">\n                <h2 class=\"property-title\">\n    <a href=\"https:\/\/invertierraplusvalia.com\/index.php\/property\/chacala\/\" title=\"Chacala\">Chacala<\/a>\n<\/h2>\n\t<span class=\"property-price ere__loop-property-price\">\n\t\t\t\t\t<span class=\"property-price-prefix\">Desde<\/span>\n\t\t\t\t$3,775\t\t\t\t\t<span class=\"property-price-postfix\">\/ Mensuales<\/span>\n\t\t\t<\/span>\n\t\t\t<\/div>\n            <div class=\"property-element-inline\">\r\n    <div class=\"property-type-list\"><i class=\"fa fa-tag\"><\/i><a href=\"https:\/\/invertierraplusvalia.com\/index.php\/property-type\/terreno\/\" rel=\"tag\">Terreno<\/a><\/div><div class=\"property-date\">\r\n    <i class=\"fa fa-calendar\"><\/i>\r\n    Hace 5 a\u00f1os<\/div>\r\n<\/div>\r\n<div class=\"property-excerpt\">\r\n    <p>Hermosos terrenos en Chacala\ud83c\udfd6 Hoy es posible, adquiere el tuyo a 850 metros de la playa. \u00a0 \ud83c\udf34Terrenos desde $21,415.00 de enganche. \ud83c\udf34Terrenos desde $3,775.00 mensuales. \ud83c\udf34construya r\u00e1pidamente en cuanto pague el total del terreno.<\/p>\n<\/div>\r\n<div class=\"ere__loop-property-info property-info layout-1\">\r\n    <div class=\"property-info-inner\">\r\n            <\/div>\r\n<\/div>\r\n\n\t\t<\/div>\n\t<\/div>\n<\/div>                                            <\/div>\n                                <div class=\"property-paging-wrap\"\n                 data-admin-url=\"\/wp-admin\/admin-ajax.php?ere_property_paging_ajax_nonce=3c42a15f74\"\n                 data-layout=\"property-grid\"\n                 data-items-amount=\"9\"\n                 data-columns=\"3\"\n                 data-image-size=\"330x180\"\n                 data-columns-gap=\"col-gap-30\"\n                 data-view-all-link=\"\"\n                 data-property-type=\"\"\n                 data-property-status=\"\"\n                 data-property-feature=\"\"\n                 data-property-city=\"\"\n                 data-property-state=\"\"\n                 data-property-neighborhood=\"\"\n                 data-property-label=\"\"\n                 data-property-featured=\"false\"\n                 data-author-id=\"\"\n                 data-agent-id=\"\">\n                            <\/div>\n            <\/div>\n<\/div>\n\n\r\n","protected":false},"excerpt":{"rendered":"<p>En Invertierra Plusval\u00eda estamos con mucho gusto presentandoles las diferentes opciones de inversi\u00f3n en terrenos y proyectos que estamos promoviendo en zonas con\u00a0 alta plusval\u00eda, las cuales son una excelente inversi\u00f3n. En este sitio podr\u00e1 encontrar im\u00e1genes e informaci\u00f3n de las facilidades de pago para tu decisi\u00f3n de inversi\u00f3n. Estamos a sus ordenes para ampliar [&hellip;]<\/p>\n","protected":false},"author":1,"featured_media":0,"parent":0,"menu_order":0,"comment_status":"closed","ping_status":"closed","template":"elementor_header_footer","meta":{"footnotes":""},"class_list":["post-27","page","type-page","status-publish","hentry"],"_links":{"self":[{"href":"https:\/\/invertierraplusvalia.com\/index.php\/wp-json\/wp\/v2\/pages\/27","targetHints":{"allow":["GET"]}}],"collection":[{"href":"https:\/\/invertierraplusvalia.com\/index.php\/wp-json\/wp\/v2\/pages"}],"about":[{"href":"https:\/\/invertierraplusvalia.com\/index.php\/wp-json\/wp\/v2\/types\/page"}],"author":[{"embeddable":true,"href":"https:\/\/invertierraplusvalia.com\/index.php\/wp-json\/wp\/v2\/users\/1"}],"replies":[{"embeddable":true,"href":"https:\/\/invertierraplusvalia.com\/index.php\/wp-json\/wp\/v2\/comments?post=27"}],"version-history":[{"count":13,"href":"https:\/\/invertierraplusvalia.com\/index.php\/wp-json\/wp\/v2\/pages\/27\/revisions"}],"predecessor-version":[{"id":175,"href":"https:\/\/invertierraplusvalia.com\/index.php\/wp-json\/wp\/v2\/pages\/27\/revisions\/175"}],"wp:attachment":[{"href":"https:\/\/invertierraplusvalia.com\/index.php\/wp-json\/wp\/v2\/media?parent=27"}],"curies":[{"name":"wp","href":"https:\/\/api.w.org\/{rel}","templated":true}]}}